{"id":18,"date":"2025-06-02T13:52:50","date_gmt":"2025-06-02T11:52:50","guid":{"rendered":"http:\/\/cnca-plaisance.fr\/?page_id=18"},"modified":"2025-06-04T19:54:04","modified_gmt":"2025-06-04T17:54:04","slug":"reglementation","status":"publish","type":"page","link":"https:\/\/cnca-plaisance.fr\/?page_id=18","title":{"rendered":"R\u00e8glementation"},"content":{"rendered":"\n<div class=\"wp-block-media-text is-stacked-on-mobile\" style=\"grid-template-columns:29% auto\"><figure class=\"wp-block-media-text__media\"><img loading=\"lazy\" decoding=\"async\" width=\"688\" height=\"516\" src=\"http:\/\/cnca-plaisance.fr\/wp-content\/uploads\/2025\/06\/bouee.jpg\" alt=\"\" class=\"wp-image-49 size-full\" srcset=\"https:\/\/cnca-plaisance.fr\/wp-content\/uploads\/2025\/06\/bouee.jpg 688w, https:\/\/cnca-plaisance.fr\/wp-content\/uploads\/2025\/06\/bouee-300x225.jpg 300w\" sizes=\"auto, (max-width: 688px) 100vw, 688px\" \/><\/figure><div class=\"wp-block-media-text__content\">\n<p>La s\u00e9curit\u00e9 des navires est r\u00e9gie par un texte, la Division 240. <br>Cliquez sur le lien pour <a href=\"https:\/\/www.legifrance.gouv.fr\/codes\/section_lc\/JORFTEXT000000841523\/LEGISCTA000021367661\/2025-04-26\" target=\"_blank\" rel=\"noreferrer noopener\">acc\u00e9der \u00e0 la circulaire<\/a><\/p>\n<\/div><\/div>\n\n\n\n<p><\/p>\n","protected":false},"excerpt":{"rendered":"<p>La s\u00e9curit\u00e9 des navires est r\u00e9gie par un texte, la Division 240. Cliquez sur le lien pour acc\u00e9der \u00e0 la circulaire<\/p>\n","protected":false},"author":1,"featured_media":0,"parent":0,"menu_order":0,"comment_status":"closed","ping_status":"closed","template":"","meta":{"footnotes":""},"class_list":["post-18","page","type-page","status-publish","hentry"],"_links":{"self":[{"href":"https:\/\/cnca-plaisance.fr\/index.php?rest_route=\/wp\/v2\/pages\/18","targetHints":{"allow":["GET"]}}],"collection":[{"href":"https:\/\/cnca-plaisance.fr\/index.php?rest_route=\/wp\/v2\/pages"}],"about":[{"href":"https:\/\/cnca-plaisance.fr\/index.php?rest_route=\/wp\/v2\/types\/page"}],"author":[{"embeddable":true,"href":"https:\/\/cnca-plaisance.fr\/index.php?rest_route=\/wp\/v2\/users\/1"}],"replies":[{"embeddable":true,"href":"https:\/\/cnca-plaisance.fr\/index.php?rest_route=%2Fwp%2Fv2%2Fcomments&post=18"}],"version-history":[{"count":2,"href":"https:\/\/cnca-plaisance.fr\/index.php?rest_route=\/wp\/v2\/pages\/18\/revisions"}],"predecessor-version":[{"id":50,"href":"https:\/\/cnca-plaisance.fr\/index.php?rest_route=\/wp\/v2\/pages\/18\/revisions\/50"}],"wp:attachment":[{"href":"https:\/\/cnca-plaisance.fr\/index.php?rest_route=%2Fwp%2Fv2%2Fmedia&parent=18"}],"curies":[{"name":"wp","href":"https:\/\/api.w.org\/{rel}","templated":true}]}}