{"id":25,"date":"2025-06-02T14:10:06","date_gmt":"2025-06-02T12:10:06","guid":{"rendered":"http:\/\/cnca-plaisance.fr\/?page_id=25"},"modified":"2025-12-14T15:46:25","modified_gmt":"2025-12-14T14:46:25","slug":"formation","status":"publish","type":"page","link":"https:\/\/cnca-plaisance.fr\/?page_id=25","title":{"rendered":"Formation"},"content":{"rendered":"\n<p>Retrouvez ci-joint dans les sous-rubriques les diff\u00e9rents modules de formation \u00e0 disposition.<br>Pour conna\u00eetre les dates des formations au sein du club (en g\u00e9n\u00e9ral une par mois), reportez-vous \u00e0 la rubrique agenda.<br> <\/p>\n","protected":false},"excerpt":{"rendered":"<p>Retrouvez ci-joint dans les sous-rubriques les diff\u00e9rents modules de formation \u00e0 disposition.Pour conna\u00eetre les dates des formations au sein du club (en g\u00e9n\u00e9ral une par mois), reportez-vous \u00e0 la rubrique &#8230; <a href=\"https:\/\/cnca-plaisance.fr\/?page_id=25\" class=\"more-link\">Read More<span class=\"screen-reader-text\"> &#8220;Formation&#8221;<\/span> &raquo;<\/a><\/p>\n","protected":false},"author":1,"featured_media":0,"parent":0,"menu_order":0,"comment_status":"closed","ping_status":"closed","template":"","meta":{"footnotes":""},"class_list":["post-25","page","type-page","status-publish","hentry"],"_links":{"self":[{"href":"https:\/\/cnca-plaisance.fr\/index.php?rest_route=\/wp\/v2\/pages\/25","targetHints":{"allow":["GET"]}}],"collection":[{"href":"https:\/\/cnca-plaisance.fr\/index.php?rest_route=\/wp\/v2\/pages"}],"about":[{"href":"https:\/\/cnca-plaisance.fr\/index.php?rest_route=\/wp\/v2\/types\/page"}],"author":[{"embeddable":true,"href":"https:\/\/cnca-plaisance.fr\/index.php?rest_route=\/wp\/v2\/users\/1"}],"replies":[{"embeddable":true,"href":"https:\/\/cnca-plaisance.fr\/index.php?rest_route=%2Fwp%2Fv2%2Fcomments&post=25"}],"version-history":[{"count":2,"href":"https:\/\/cnca-plaisance.fr\/index.php?rest_route=\/wp\/v2\/pages\/25\/revisions"}],"predecessor-version":[{"id":499,"href":"https:\/\/cnca-plaisance.fr\/index.php?rest_route=\/wp\/v2\/pages\/25\/revisions\/499"}],"wp:attachment":[{"href":"https:\/\/cnca-plaisance.fr\/index.php?rest_route=%2Fwp%2Fv2%2Fmedia&parent=25"}],"curies":[{"name":"wp","href":"https:\/\/api.w.org\/{rel}","templated":true}]}}