{"id":29,"date":"2025-06-02T14:13:04","date_gmt":"2025-06-02T12:13:04","guid":{"rendered":"http:\/\/cnca-plaisance.fr\/?page_id=29"},"modified":"2025-12-15T22:27:29","modified_gmt":"2025-12-15T21:27:29","slug":"inscription","status":"publish","type":"page","link":"https:\/\/cnca-plaisance.fr\/?page_id=29","title":{"rendered":"Inscription"},"content":{"rendered":"\n<p>Formulaire \u00e0 remplir et \u00e0 envoyer \u00e0 l&#8217;adresse indiqu\u00e9e<\/br>\nVous pouvez remplir le PDF en utilisant l&#8217;outil sejda.com qui permet de modifier un PDF en ligne (et nous l&#8217;envoyer par mail) ou si vous pr\u00e9f\u00e9rez, imprimer le formulaire, le remplir et l&#8217;envoyer par courrier (voir adresse dans la rubrique &#8220;Contact&#8221;)<\/p>\n\n\n\n<div data-wp-interactive=\"core\/file\" class=\"wp-block-file\"><object data-wp-bind--hidden=\"!state.hasPdfPreview\" hidden class=\"wp-block-file__embed\" data=\"http:\/\/cnca-plaisance.fr\/wp-content\/uploads\/2025\/06\/FICHE-INSCRIPTION.pdf\" type=\"application\/pdf\" style=\"width:100%;height:30px\" aria-label=\"Embed of FICHE INSCRIPTION.\"><\/object><a id=\"wp-block-file--media-f50fa60e-c2d5-4347-8f78-2fbdb3886998\" href=\"http:\/\/cnca-plaisance.fr\/wp-content\/uploads\/2025\/06\/FICHE-INSCRIPTION.pdf\">FICHE INSCRIPTION<\/a><a href=\"http:\/\/cnca-plaisance.fr\/wp-content\/uploads\/2025\/06\/FICHE-INSCRIPTION.pdf\" class=\"wp-block-file__button wp-element-button\" download aria-describedby=\"wp-block-file--media-f50fa60e-c2d5-4347-8f78-2fbdb3886998\">T\u00e9l\u00e9charger<\/a><\/div>\n","protected":false},"excerpt":{"rendered":"<p>Formulaire \u00e0 remplir et \u00e0 envoyer \u00e0 l&#8217;adresse indiqu\u00e9e Vous pouvez remplir le PDF en utilisant l&#8217;outil sejda.com qui permet de modifier un PDF en ligne (et nous l&#8217;envoyer par &#8230; <a href=\"https:\/\/cnca-plaisance.fr\/?page_id=29\" class=\"more-link\">Read More<span class=\"screen-reader-text\"> &#8220;Inscription&#8221;<\/span> &raquo;<\/a><\/p>\n","protected":false},"author":1,"featured_media":0,"parent":0,"menu_order":0,"comment_status":"closed","ping_status":"closed","template":"","meta":{"footnotes":""},"class_list":["post-29","page","type-page","status-publish","hentry"],"_links":{"self":[{"href":"https:\/\/cnca-plaisance.fr\/index.php?rest_route=\/wp\/v2\/pages\/29","targetHints":{"allow":["GET"]}}],"collection":[{"href":"https:\/\/cnca-plaisance.fr\/index.php?rest_route=\/wp\/v2\/pages"}],"about":[{"href":"https:\/\/cnca-plaisance.fr\/index.php?rest_route=\/wp\/v2\/types\/page"}],"author":[{"embeddable":true,"href":"https:\/\/cnca-plaisance.fr\/index.php?rest_route=\/wp\/v2\/users\/1"}],"replies":[{"embeddable":true,"href":"https:\/\/cnca-plaisance.fr\/index.php?rest_route=%2Fwp%2Fv2%2Fcomments&post=29"}],"version-history":[{"count":7,"href":"https:\/\/cnca-plaisance.fr\/index.php?rest_route=\/wp\/v2\/pages\/29\/revisions"}],"predecessor-version":[{"id":531,"href":"https:\/\/cnca-plaisance.fr\/index.php?rest_route=\/wp\/v2\/pages\/29\/revisions\/531"}],"wp:attachment":[{"href":"https:\/\/cnca-plaisance.fr\/index.php?rest_route=%2Fwp%2Fv2%2Fmedia&parent=29"}],"curies":[{"name":"wp","href":"https:\/\/api.w.org\/{rel}","templated":true}]}}