{"id":459,"date":"2025-11-27T10:20:26","date_gmt":"2025-11-27T09:20:26","guid":{"rendered":"https:\/\/cnca-plaisance.fr\/?page_id=459"},"modified":"2025-11-27T10:20:27","modified_gmt":"2025-11-27T09:20:27","slug":"partenaires","status":"publish","type":"page","link":"https:\/\/cnca-plaisance.fr\/?page_id=459","title":{"rendered":"Partenaires"},"content":{"rendered":"\n<p>Nous vous pr\u00e9sentons la liste des partenaires du CNCA chez lesquels vous trouverez un accueil et une r\u00e9duction sur pr\u00e9sentation de votre carte de membre.<br>Il nous a sembl\u00e9 important que la SNSM, de par son r\u00f4le essentiel pour les plaisanciers, soit \u00e9galement pr\u00e9sente dans cette liste.<\/p>\n\n\n\n<figure class=\"wp-block-table\"><table class=\"has-fixed-layout\"><tbody><tr><td><img loading=\"lazy\" decoding=\"async\" width=\"150\" height=\"65\" class=\"wp-image-463\" style=\"width: 150px;\" src=\"http:\/\/cnca-plaisance.fr\/wp-content\/uploads\/2025\/11\/navelec.png\" alt=\"\"><\/td><td><img loading=\"lazy\" decoding=\"async\" width=\"150\" height=\"82\" class=\"wp-image-461\" style=\"width: 150px;\" src=\"http:\/\/cnca-plaisance.fr\/wp-content\/uploads\/2025\/11\/bigship-1.jpg\" alt=\"\"><\/td><td><img loading=\"lazy\" decoding=\"async\" width=\"150\" height=\"71\" class=\"wp-image-466\" style=\"width: 150px;\" src=\"http:\/\/cnca-plaisance.fr\/wp-content\/uploads\/2025\/11\/LOGO-CHANTIER-NAVAL-ALLEMAND-1.jpg\" alt=\"\"><\/td><\/tr><tr><td>R\u00e9duction en cours pour 2026<br>Acc\u00e9der au <a href=\"https:\/\/www.nav-elec.fr\/\" target=\"_blank\" rel=\"noreferrer noopener\">site web<\/a><\/td><td>Une r\u00e9duction de 10% <br>Acc\u00e9der au <a href=\"https:\/\/www.bigship.com\/reseau\/mediterranee\/cap-d-agde\" target=\"_blank\" rel=\"noreferrer noopener\">site web<\/a><\/td><td>R\u00e9duction de 5%<br>Acc\u00e9der au <a href=\"https:\/\/www.chantier-allemand.com\/\" target=\"_blank\" rel=\"noreferrer noopener\">site web<\/a><\/td><\/tr><tr><td><img loading=\"lazy\" decoding=\"async\" width=\"150\" height=\"150\" class=\"wp-image-467\" style=\"width: 150px;\" src=\"http:\/\/cnca-plaisance.fr\/wp-content\/uploads\/2025\/11\/tramontane.png\" alt=\"\" srcset=\"https:\/\/cnca-plaisance.fr\/wp-content\/uploads\/2025\/11\/tramontane.png 225w, https:\/\/cnca-plaisance.fr\/wp-content\/uploads\/2025\/11\/tramontane-150x150.png 150w\" sizes=\"auto, (max-width: 150px) 100vw, 150px\" \/><\/td><td><img loading=\"lazy\" decoding=\"async\" width=\"150\" height=\"151\" class=\"wp-image-468\" style=\"width: 150px;\" src=\"http:\/\/cnca-plaisance.fr\/wp-content\/uploads\/2025\/11\/uship.png\" alt=\"\" srcset=\"https:\/\/cnca-plaisance.fr\/wp-content\/uploads\/2025\/11\/uship.png 224w, https:\/\/cnca-plaisance.fr\/wp-content\/uploads\/2025\/11\/uship-150x150.png 150w\" sizes=\"auto, (max-width: 150px) 100vw, 150px\" \/><\/td><td><img loading=\"lazy\" decoding=\"async\" width=\"150\" height=\"149\" class=\"wp-image-465\" style=\"width: 150px;\" src=\"http:\/\/cnca-plaisance.fr\/wp-content\/uploads\/2025\/11\/snsm-1.png\" alt=\"\" srcset=\"https:\/\/cnca-plaisance.fr\/wp-content\/uploads\/2025\/11\/snsm-1.png 225w, https:\/\/cnca-plaisance.fr\/wp-content\/uploads\/2025\/11\/snsm-1-150x150.png 150w\" sizes=\"auto, (max-width: 150px) 100vw, 150px\" \/><\/td><\/tr><tr><td>R\u00e9duction en cours pour 2026<br>Acc\u00e9der au <a href=\"https:\/\/www.tramontane-mediterranee.com\/\" target=\"_blank\" rel=\"noreferrer noopener\">site web<\/a><\/td><td>R\u00e9duction en cours pour 2026<br>Acc\u00e9der au <a href=\"https:\/\/www.uship.fr\/magasin\/navicap-34300-cap-d-agde\" target=\"_blank\" rel=\"noreferrer noopener\">site web<\/a><\/td><td>Acc\u00e9der au <a href=\"https:\/\/station-agde.snsm.org\/\">site SNSM<\/a><br><\/td><\/tr><\/tbody><\/table><\/figure>\n","protected":false},"excerpt":{"rendered":"<p>Nous vous pr\u00e9sentons la liste des partenaires du CNCA chez lesquels vous trouverez un accueil et une r\u00e9duction sur pr\u00e9sentation de votre carte de membre.Il nous a sembl\u00e9 important que &#8230; <a href=\"https:\/\/cnca-plaisance.fr\/?page_id=459\" class=\"more-link\">Read More<span class=\"screen-reader-text\"> &#8220;Partenaires&#8221;<\/span> &raquo;<\/a><\/p>\n","protected":false},"author":1,"featured_media":0,"parent":0,"menu_order":0,"comment_status":"closed","ping_status":"closed","template":"","meta":{"footnotes":""},"class_list":["post-459","page","type-page","status-publish","hentry"],"_links":{"self":[{"href":"https:\/\/cnca-plaisance.fr\/index.php?rest_route=\/wp\/v2\/pages\/459","targetHints":{"allow":["GET"]}}],"collection":[{"href":"https:\/\/cnca-plaisance.fr\/index.php?rest_route=\/wp\/v2\/pages"}],"about":[{"href":"https:\/\/cnca-plaisance.fr\/index.php?rest_route=\/wp\/v2\/types\/page"}],"author":[{"embeddable":true,"href":"https:\/\/cnca-plaisance.fr\/index.php?rest_route=\/wp\/v2\/users\/1"}],"replies":[{"embeddable":true,"href":"https:\/\/cnca-plaisance.fr\/index.php?rest_route=%2Fwp%2Fv2%2Fcomments&post=459"}],"version-history":[{"count":3,"href":"https:\/\/cnca-plaisance.fr\/index.php?rest_route=\/wp\/v2\/pages\/459\/revisions"}],"predecessor-version":[{"id":471,"href":"https:\/\/cnca-plaisance.fr\/index.php?rest_route=\/wp\/v2\/pages\/459\/revisions\/471"}],"wp:attachment":[{"href":"https:\/\/cnca-plaisance.fr\/index.php?rest_route=%2Fwp%2Fv2%2Fmedia&parent=459"}],"curies":[{"name":"wp","href":"https:\/\/api.w.org\/{rel}","templated":true}]}}