{"id":688,"date":"2026-04-03T11:05:42","date_gmt":"2026-04-03T09:05:42","guid":{"rendered":"https:\/\/cnca-plaisance.fr\/?page_id=688"},"modified":"2026-04-03T13:55:17","modified_gmt":"2026-04-03T11:55:17","slug":"matelotage","status":"publish","type":"page","link":"https:\/\/cnca-plaisance.fr\/?page_id=688","title":{"rendered":"Matelotage"},"content":{"rendered":"\n<p>Anim\u00e9 par Rapha\u00ebl de A S YACHTING<\/p>\n\n\n\n<figure class=\"wp-block-image size-full\"><img loading=\"lazy\" decoding=\"async\" width=\"983\" height=\"626\" src=\"https:\/\/cnca-plaisance.fr\/wp-content\/uploads\/2026\/04\/M20-1.jpg\" alt=\"\" class=\"wp-image-689\" srcset=\"https:\/\/cnca-plaisance.fr\/wp-content\/uploads\/2026\/04\/M20-1.jpg 983w, https:\/\/cnca-plaisance.fr\/wp-content\/uploads\/2026\/04\/M20-1-300x191.jpg 300w, https:\/\/cnca-plaisance.fr\/wp-content\/uploads\/2026\/04\/M20-1-768x489.jpg 768w\" sizes=\"auto, (max-width: 983px) 100vw, 983px\" \/><\/figure>\n\n\n\n<figure class=\"wp-block-gallery has-nested-images columns-default is-cropped wp-block-gallery-1 is-layout-flex wp-block-gallery-is-layout-flex\">\n<figure class=\"wp-block-image size-large\"><img loading=\"lazy\" decoding=\"async\" width=\"306\" height=\"172\" data-id=\"690\" src=\"https:\/\/cnca-plaisance.fr\/wp-content\/uploads\/2026\/04\/M11-1.jpg\" alt=\"\" class=\"wp-image-690\" srcset=\"https:\/\/cnca-plaisance.fr\/wp-content\/uploads\/2026\/04\/M11-1.jpg 306w, https:\/\/cnca-plaisance.fr\/wp-content\/uploads\/2026\/04\/M11-1-300x169.jpg 300w\" sizes=\"auto, (max-width: 306px) 100vw, 306px\" \/><\/figure>\n\n\n\n<figure class=\"wp-block-image size-large\"><img loading=\"lazy\" decoding=\"async\" width=\"367\" height=\"207\" data-id=\"691\" src=\"https:\/\/cnca-plaisance.fr\/wp-content\/uploads\/2026\/04\/M10-1.jpg\" alt=\"\" class=\"wp-image-691\" srcset=\"https:\/\/cnca-plaisance.fr\/wp-content\/uploads\/2026\/04\/M10-1.jpg 367w, https:\/\/cnca-plaisance.fr\/wp-content\/uploads\/2026\/04\/M10-1-300x169.jpg 300w\" sizes=\"auto, (max-width: 367px) 100vw, 367px\" \/><\/figure>\n<\/figure>\n\n\n\n<p>Un auditoire nombreux et tr\u00e8s attentif pour suivre cet atelier de matelotage<\/p>\n\n\n\n<figure class=\"wp-block-image size-large\"><img loading=\"lazy\" decoding=\"async\" width=\"576\" height=\"1024\" src=\"https:\/\/cnca-plaisance.fr\/wp-content\/uploads\/2026\/04\/M1-1-576x1024.jpg\" alt=\"\" class=\"wp-image-692\" srcset=\"https:\/\/cnca-plaisance.fr\/wp-content\/uploads\/2026\/04\/M1-1-576x1024.jpg 576w, https:\/\/cnca-plaisance.fr\/wp-content\/uploads\/2026\/04\/M1-1-169x300.jpg 169w, https:\/\/cnca-plaisance.fr\/wp-content\/uploads\/2026\/04\/M1-1-768x1365.jpg 768w, https:\/\/cnca-plaisance.fr\/wp-content\/uploads\/2026\/04\/M1-1-864x1536.jpg 864w, https:\/\/cnca-plaisance.fr\/wp-content\/uploads\/2026\/04\/M1-1.jpg 1148w\" sizes=\"auto, (max-width: 576px) 100vw, 576px\" \/><figcaption class=\"wp-element-caption\"><strong>Pr\u00e9sentation des diff\u00e9rents types de bouts \u00e0 notre disposition.<\/strong><\/figcaption><\/figure>\n\n\n\n<figure class=\"wp-block-image size-full\"><img loading=\"lazy\" decoding=\"async\" width=\"484\" height=\"414\" src=\"https:\/\/cnca-plaisance.fr\/wp-content\/uploads\/2026\/04\/M2-1.jpg\" alt=\"\" class=\"wp-image-693\" srcset=\"https:\/\/cnca-plaisance.fr\/wp-content\/uploads\/2026\/04\/M2-1.jpg 484w, https:\/\/cnca-plaisance.fr\/wp-content\/uploads\/2026\/04\/M2-1-300x257.jpg 300w\" sizes=\"auto, (max-width: 484px) 100vw, 484px\" \/><figcaption class=\"wp-element-caption\"><strong>Une belle \u00e9pissure avant le d\u00e9graissage\u00a0 en \u00e9liminant des brins au fur et \u00e0 mesure<\/strong><\/figcaption><\/figure>\n\n\n\n<figure class=\"wp-block-image size-large\"><img loading=\"lazy\" decoding=\"async\" width=\"768\" height=\"1024\" src=\"https:\/\/cnca-plaisance.fr\/wp-content\/uploads\/2026\/04\/IMG-20260329-WA0002-768x1024.jpg\" alt=\"\" class=\"wp-image-694\" srcset=\"https:\/\/cnca-plaisance.fr\/wp-content\/uploads\/2026\/04\/IMG-20260329-WA0002-768x1024.jpg 768w, https:\/\/cnca-plaisance.fr\/wp-content\/uploads\/2026\/04\/IMG-20260329-WA0002-225x300.jpg 225w, https:\/\/cnca-plaisance.fr\/wp-content\/uploads\/2026\/04\/IMG-20260329-WA0002-1152x1536.jpg 1152w, https:\/\/cnca-plaisance.fr\/wp-content\/uploads\/2026\/04\/IMG-20260329-WA0002.jpg 1368w\" sizes=\"auto, (max-width: 768px) 100vw, 768px\" \/><figcaption class=\"wp-element-caption\"><strong>Cette \u00e9pissure doit \u00eatre termin\u00e9e par une surliure pour bloquer la boucle<\/strong><\/figcaption><\/figure>\n\n\n\n\n\n<figure class=\"wp-block-gallery has-nested-images columns-default is-cropped wp-block-gallery-2 is-layout-flex wp-block-gallery-is-layout-flex\">\n<figure class=\"wp-block-image size-large\"><img loading=\"lazy\" decoding=\"async\" width=\"471\" height=\"746\" data-id=\"696\" src=\"https:\/\/cnca-plaisance.fr\/wp-content\/uploads\/2026\/04\/M3-1.jpg\" alt=\"\" class=\"wp-image-696\" srcset=\"https:\/\/cnca-plaisance.fr\/wp-content\/uploads\/2026\/04\/M3-1.jpg 471w, https:\/\/cnca-plaisance.fr\/wp-content\/uploads\/2026\/04\/M3-1-189x300.jpg 189w\" sizes=\"auto, (max-width: 471px) 100vw, 471px\" \/><\/figure>\n\n\n\n<figure class=\"wp-block-image size-large\"><img loading=\"lazy\" decoding=\"async\" width=\"471\" height=\"1020\" data-id=\"697\" src=\"https:\/\/cnca-plaisance.fr\/wp-content\/uploads\/2026\/04\/M6-2.jpg\" alt=\"\" class=\"wp-image-697\" srcset=\"https:\/\/cnca-plaisance.fr\/wp-content\/uploads\/2026\/04\/M6-2.jpg 471w, https:\/\/cnca-plaisance.fr\/wp-content\/uploads\/2026\/04\/M6-2-139x300.jpg 139w\" sizes=\"auto, (max-width: 471px) 100vw, 471px\" \/><figcaption class=\"wp-element-caption\">Avec patience pour d\u00e9 toronner un c\u00e2ble de hauban afin de r\u00e9cup\u00e9rer l\u2019\u00e2me puis confectionner une aiguille pour r\u00e9aliser\u00a0 nos \u00e9pissures<\/figcaption><\/figure>\n<\/figure>\n\n\n\n<figure class=\"wp-block-image size-full\"><img loading=\"lazy\" decoding=\"async\" width=\"600\" height=\"600\" src=\"https:\/\/cnca-plaisance.fr\/wp-content\/uploads\/2026\/04\/La_Calisto-Cordage-ame-et-gaine-Polyester.webp\" alt=\"\" class=\"wp-image-698\" srcset=\"https:\/\/cnca-plaisance.fr\/wp-content\/uploads\/2026\/04\/La_Calisto-Cordage-ame-et-gaine-Polyester.webp 600w, https:\/\/cnca-plaisance.fr\/wp-content\/uploads\/2026\/04\/La_Calisto-Cordage-ame-et-gaine-Polyester-300x300.webp 300w, https:\/\/cnca-plaisance.fr\/wp-content\/uploads\/2026\/04\/La_Calisto-Cordage-ame-et-gaine-Polyester-150x150.webp 150w\" sizes=\"auto, (max-width: 600px) 100vw, 600px\" \/><\/figure>\n\n\n\n<p><strong>Cordage polyvalent, \u00e2me Polyester et gaine Polyester:<\/strong><\/p>\n\n\n\n<p><strong>ronde, souple, pr\u00e9sente un toucher textile tr\u00e8s appr\u00e9ci\u00e9<\/strong>. Il est trait\u00e9 anti-UV et s&#8217;utilise parfaitement en int\u00e9rieur comme en ext\u00e9rieur. Son \u00e2me tress\u00e9e lui conf\u00e8re un allongement extr\u00eamement faible.<\/p>\n\n\n\n<figure class=\"wp-block-image size-full\"><img loading=\"lazy\" decoding=\"async\" width=\"184\" height=\"184\" src=\"https:\/\/cnca-plaisance.fr\/wp-content\/uploads\/2026\/04\/DYNEEMA.webp\" alt=\"\" class=\"wp-image-699\" srcset=\"https:\/\/cnca-plaisance.fr\/wp-content\/uploads\/2026\/04\/DYNEEMA.webp 184w, https:\/\/cnca-plaisance.fr\/wp-content\/uploads\/2026\/04\/DYNEEMA-150x150.webp 150w\" sizes=\"auto, (max-width: 184px) 100vw, 184px\" \/><\/figure>\n\n\n\n<p><strong><em>Cordage gaine Polyester \u00e2me <\/em><\/strong><strong><em>Dyneema<\/em><\/strong><\/p>\n\n\n\n<p><em>L\u00e9g\u00e8ret\u00e9, insensibilit\u00e9 totale \u00e0 l&#8217;humidit\u00e9 et aux UV<\/em>, une remarquable r\u00e9sistance \u00e0 l&#8217;abrasion et \u00e0 la rupture, alli\u00e9e \u00e0 une tr\u00e8s grande souplesse, allongement&nbsp;tr\u00e8s faible<\/p>\n\n\n\n<p><em>La gaine en polyester prot\u00e8ge les fibres textiles de l&#8217;\u00e2me <\/em><em>Dyneema<\/em> tout en apportant un meilleur confort et davantage de friction, pour une excellente tenue&nbsp;<\/p>\n\n\n\n<p>Tr\u00e8s facile \u00e0 \u00e9pissurer<\/p>\n\n\n\n<p><\/p>\n\n\n\n<figure class=\"wp-block-image size-full\"><img loading=\"lazy\" decoding=\"async\" width=\"370\" height=\"371\" src=\"https:\/\/cnca-plaisance.fr\/wp-content\/uploads\/2026\/04\/Dyneema.jpg\" alt=\"\" class=\"wp-image-700\" srcset=\"https:\/\/cnca-plaisance.fr\/wp-content\/uploads\/2026\/04\/Dyneema.jpg 370w, https:\/\/cnca-plaisance.fr\/wp-content\/uploads\/2026\/04\/Dyneema-300x300.jpg 300w, https:\/\/cnca-plaisance.fr\/wp-content\/uploads\/2026\/04\/Dyneema-150x150.jpg 150w\" sizes=\"auto, (max-width: 370px) 100vw, 370px\" \/><\/figure>\n\n\n\n<p><strong>Cordage Dyneema<\/strong><\/p>\n\n\n\n<p>l\u00e9ger et insubmersible, peu d&#8217;allongement et haute r\u00e9sistance \u00e0 la traction.<\/p>\n\n\n\n<p>On peut le conseiller pour les drisses(pas d\u2019allongement, tr\u00e8s pr\u00e9cis) bouts de r\u00e9glage, lignes de s\u00e9curit\u00e9: ultra solide pour peu de diam\u00e8tre.<\/p>\n\n\n\n<p>Il peut \u00eatre utilis\u00e9 comme \u00e9tai&nbsp; largable de trinquette par exemple.<\/p>\n\n\n\n<p>Convient parfaitement pour r\u00e9aliser des \u00e9pissures&nbsp; et des manilles textiles<\/p>\n\n\n\n<p>Un inconv\u00e9nient du gr\u00e9ement Dyneema est <strong>son fluage<\/strong>, autrement dit l&#8217;\u00e9longation permanente apr\u00e8s avoir subi une tension extr\u00eame. Son bas point de fusion (environ 145 \u00b0C) le rend sensible \u00e0 la chaleur de friction .<\/p>\n\n\n\n<p>Le Dyneema nu: est glissant , pour une prise prolong\u00e9e en main il convient de porter des gants.<\/p>\n\n\n\n<p>Il peut \u00eatre gain\u00e9 soit d\u2019une gaine Dyneema, soit comme pr\u00e9sent\u00e9&nbsp; pr\u00e9c\u00e9demment d\u2019une gaine Polyester.<\/p>\n\n\n\n<p><strong>MERCI DE VOTRE ATTENTION<\/strong><\/p>\n\n\n\n<p><strong>A BIENT\u00d4T POUR<\/strong><\/p>\n\n\n\n<p><strong>UNE PROCHAINE ANIMATION<\/strong><\/p>\n\n\n\n<p>Vous trouverez des vid\u00e9os sur les diff\u00e9rentes \u00e9pissures et n\u0153uds de carrick<\/p>\n\n\n\n<p>dans une autre page<\/p>\n\n\n\n<p><\/p>\n","protected":false},"excerpt":{"rendered":"<p>Anim\u00e9 par Rapha\u00ebl de A S YACHTING Un auditoire nombreux et tr\u00e8s attentif pour suivre cet atelier de matelotage Cordage polyvalent, \u00e2me Polyester et gaine Polyester: ronde, souple, pr\u00e9sente un &#8230; <a href=\"https:\/\/cnca-plaisance.fr\/?page_id=688\" class=\"more-link\">Read More<span class=\"screen-reader-text\"> &#8220;Matelotage&#8221;<\/span> &raquo;<\/a><\/p>\n","protected":false},"author":2,"featured_media":0,"parent":0,"menu_order":0,"comment_status":"closed","ping_status":"closed","template":"","meta":{"footnotes":""},"class_list":["post-688","page","type-page","status-publish","hentry"],"_links":{"self":[{"href":"https:\/\/cnca-plaisance.fr\/index.php?rest_route=\/wp\/v2\/pages\/688","targetHints":{"allow":["GET"]}}],"collection":[{"href":"https:\/\/cnca-plaisance.fr\/index.php?rest_route=\/wp\/v2\/pages"}],"about":[{"href":"https:\/\/cnca-plaisance.fr\/index.php?rest_route=\/wp\/v2\/types\/page"}],"author":[{"embeddable":true,"href":"https:\/\/cnca-plaisance.fr\/index.php?rest_route=\/wp\/v2\/users\/2"}],"replies":[{"embeddable":true,"href":"https:\/\/cnca-plaisance.fr\/index.php?rest_route=%2Fwp%2Fv2%2Fcomments&post=688"}],"version-history":[{"count":2,"href":"https:\/\/cnca-plaisance.fr\/index.php?rest_route=\/wp\/v2\/pages\/688\/revisions"}],"predecessor-version":[{"id":706,"href":"https:\/\/cnca-plaisance.fr\/index.php?rest_route=\/wp\/v2\/pages\/688\/revisions\/706"}],"wp:attachment":[{"href":"https:\/\/cnca-plaisance.fr\/index.php?rest_route=%2Fwp%2Fv2%2Fmedia&parent=688"}],"curies":[{"name":"wp","href":"https:\/\/api.w.org\/{rel}","templated":true}]}}